{"id":32055,"date":"2020-08-20T10:25:52","date_gmt":"2020-08-20T08:25:52","guid":{"rendered":"https:\/\/www.analab.fr\/?page_id=32055"},"modified":"2022-06-15T15:18:41","modified_gmt":"2022-06-15T13:18:41","slug":"lithuania","status":"publish","type":"page","link":"https:\/\/www.michel.e-novea.eu\/en\/dealers\/lithuania\/","title":{"rendered":"Lithuania"},"content":{"rendered":"<p>[et_pb_section fb_built=&#8221;1&#8243; admin_label=&#8221;Header Section&#8221; _builder_version=&#8221;4.16&#8243; background_image=&#8221;https:\/\/www.michel.e-novea.eu\/wp-content\/uploads\/2018\/06\/Carte-Europe.jpg&#8221; custom_padding=&#8221;10%||10%|&#8221; locked=&#8221;off&#8221; global_colors_info=&#8221;{}&#8221;][et_pb_row _builder_version=&#8221;4.16&#8243; animation_style=&#8221;zoom&#8221; custom_width_px=&#8221;1200px&#8221; global_colors_info=&#8221;{}&#8221;][et_pb_column type=&#8221;4_4&#8243; _builder_version=&#8221;4.16&#8243; custom_padding=&#8221;|||&#8221; global_colors_info=&#8221;{}&#8221; custom_padding__hover=&#8221;|||&#8221;][et_pb_text _builder_version=&#8221;4.16&#8243; text_font=&#8221;Nunito Sans|||||on|||&#8221; text_text_color=&#8221;#ffffff&#8221; text_font_size=&#8221;18px&#8221; text_line_height=&#8221;1.8em&#8221; header_font=&#8221;Nunito Sans|700|||||||&#8221; header_text_align=&#8221;center&#8221; header_text_color=&#8221;#ffffff&#8221; header_font_size=&#8221;36px&#8221; header_line_height=&#8221;1.3em&#8221; module_alignment=&#8221;center&#8221; header_font_size_tablet=&#8221;32px&#8221; header_font_size_phone=&#8221;24px&#8221; header_font_size_last_edited=&#8221;on|phone&#8221; global_colors_info=&#8221;{}&#8221;]<\/p>\n<h1>OUR DEALERS<\/h1>\n<p>[\/et_pb_text][\/et_pb_column][\/et_pb_row][\/et_pb_section][et_pb_section fb_built=&#8221;1&#8243; admin_label=&#8221;Features&#8221; _builder_version=&#8221;4.16&#8243; background_color=&#8221;#ffffff&#8221; custom_margin=&#8221;|||&#8221; custom_padding=&#8221;||0px|&#8221; top_divider_color=&#8221;#e02b20&#8243; top_divider_flip=&#8221;vertical&#8221; bottom_divider_color=&#8221;#e02b20&#8243; bottom_divider_flip=&#8221;vertical&#8221; locked=&#8221;off&#8221; global_colors_info=&#8221;{}&#8221;][et_pb_row admin_label=&#8221;Tittle&#8221; _builder_version=&#8221;4.16&#8243; global_colors_info=&#8221;{}&#8221;][et_pb_column type=&#8221;4_4&#8243; _builder_version=&#8221;4.16&#8243; custom_padding=&#8221;|||&#8221; global_colors_info=&#8221;{}&#8221; custom_padding__hover=&#8221;|||&#8221;][et_pb_text _builder_version=&#8221;4.17.4&#8243; text_font=&#8221;Nunito Sans||||||||&#8221; text_text_color=&#8221;#696969&#8243; text_font_size=&#8221;18px&#8221; text_line_height=&#8221;1.8em&#8221; header_text_align=&#8221;left&#8221; header_text_color=&#8221;#535b7c&#8221; header_2_font=&#8221;Nunito Sans|700|||||||&#8221; header_2_text_align=&#8221;left&#8221; header_2_text_color=&#8221;#c91c1c&#8221; header_2_font_size=&#8221;35px&#8221; header_2_line_height=&#8221;1.3em&#8221; max_width=&#8221;70%&#8221; module_alignment=&#8221;left&#8221; hover_enabled=&#8221;0&#8243; global_colors_info=&#8221;{}&#8221; sticky_enabled=&#8221;0&#8243;]<\/p>\n<h2><img loading=\"lazy\" decoding=\"async\" class=\"alignleft wp-image-31967\" src=\"https:\/\/www.michel.e-novea.eu\/wp-content\/uploads\/2020\/08\/Flag_of_Lithuania.png\" alt=\"\" width=\"84\" height=\"50\" \/><span style=\"margin-left: 30px;\">Lithuania, Latvia, Estonia<\/span><\/h2>\n<p>[\/et_pb_text][et_pb_divider divider_weight=&#8221;2&#8243; _builder_version=&#8221;4.16&#8243; max_width=&#8221;50%&#8221; module_alignment=&#8221;left&#8221; height=&#8221;5px&#8221; global_colors_info=&#8221;{}&#8221;]<\/p>\n<p>\n&nbsp;<\/p>\n<p>[\/et_pb_divider][\/et_pb_column][\/et_pb_row][et_pb_row column_structure=&#8221;1_3,2_3&#8243; _builder_version=&#8221;4.16&#8243; custom_margin=&#8221;0px|||&#8221; custom_padding=&#8221;0px|||&#8221; global_colors_info=&#8221;{}&#8221;][et_pb_column type=&#8221;1_3&#8243; _builder_version=&#8221;4.16&#8243; custom_padding=&#8221;|||&#8221; global_colors_info=&#8221;{}&#8221; custom_padding__hover=&#8221;|||&#8221;][et_pb_blurb title=&#8221;\u201cTehnolab Baltic\u201d UAB&#8221; image=&#8221;https:\/\/www.michel.e-novea.eu\/wp-content\/uploads\/2020\/08\/Technolab_logo.jpg&#8221; _builder_version=&#8221;4.16&#8243; header_font=&#8221;|600|||||||&#8221; header_text_align=&#8221;center&#8221; header_font_size=&#8221;20&#8243; header_line_height=&#8221;1.4em&#8221; text_orientation=&#8221;center&#8221; box_shadow_style_image=&#8221;preset3&#8243; global_colors_info=&#8221;{}&#8221;]<\/p>\n<p style=\"text-align: center;\">Rumpi\u0161k\u0117s g. 24B-1,<br \/>Klaipeda<br \/>Lituanie<br \/>Tel: +370 46 246220<br \/><a href=\"mailto:n.malanchuk@thnl.eu\">n.malanchuk@thnl.eu<\/a><br \/><a href=\"http:\/\/thnl.eu\/\" target=\"_blank\" rel=\"noopener noreferrer\">www.thnl.eu<\/a><\/p>\n<p>[\/et_pb_blurb][\/et_pb_column][et_pb_column type=&#8221;2_3&#8243; _builder_version=&#8221;4.16&#8243; custom_padding=&#8221;|||&#8221; global_colors_info=&#8221;{}&#8221; custom_padding__hover=&#8221;|||&#8221;][et_pb_map address=&#8221;Rumpi\u0161k\u0117s g. 24B, Klaip\u0117da 91143, Lituanie&#8221; zoom_level=&#8221;17&#8243; address_lat=&#8221;55.7013114&#8243; address_lng=&#8221;21.1481904&#8243; mouse_wheel=&#8221;off&#8221; _builder_version=&#8221;4.16&#8243; global_colors_info=&#8221;{}&#8221;][et_pb_map_pin title=&#8221;\u201cTehnolab Baltic\u201d UAB&#8221; pin_address=&#8221;Rumpi\u0161k\u0117s g. 24B, Klaip\u0117da 91143, Lituanie&#8221; pin_address_lat=&#8221;55.7013114&#8243; pin_address_lng=&#8221;21.1481904&#8243; _builder_version=&#8221;4.5.1&#8243; global_colors_info=&#8221;{}&#8221;]<\/p>\n<p>Rumpi\u0161k\u0117s g. 24B-1,<br \/>Klaipeda<br \/>Lituanie<br \/>Tel: +370 46 246220<br \/><a href=\"mailto:n.malanchuk@thnl.eu\">n.malanchuk@thnl.eu<\/a><br \/><a href=\"http:\/\/thnl.eu\/\" target=\"_blank\" rel=\"noopener noreferrer\">www.thnl.eu<\/a><\/p>\n<p>[\/et_pb_map_pin][\/et_pb_map][\/et_pb_column][\/et_pb_row][\/et_pb_section]<\/p>\n","protected":false},"excerpt":{"rendered":"<p>OUR DEALERSLithuania, Latvia, Estonia &nbsp; Rumpi\u0161k\u0117s g. 24B-1,KlaipedaLituanieTel: +370 46 246220n.malanchuk@thnl.euwww.thnl.euRumpi\u0161k\u0117s g. 24B-1,KlaipedaLituanieTel: +370 46 246220n.malanchuk@thnl.euwww.thnl.eu<\/p>\n","protected":false},"author":1,"featured_media":0,"parent":30811,"menu_order":0,"comment_status":"closed","ping_status":"closed","template":"","meta":{"_et_pb_use_builder":"on","_et_pb_old_content":"","_et_gb_content_width":"","footnotes":""},"class_list":["post-32055","page","type-page","status-publish","hentry"],"_links":{"self":[{"href":"https:\/\/www.michel.e-novea.eu\/en\/wp-json\/wp\/v2\/pages\/32055"}],"collection":[{"href":"https:\/\/www.michel.e-novea.eu\/en\/wp-json\/wp\/v2\/pages"}],"about":[{"href":"https:\/\/www.michel.e-novea.eu\/en\/wp-json\/wp\/v2\/types\/page"}],"author":[{"embeddable":true,"href":"https:\/\/www.michel.e-novea.eu\/en\/wp-json\/wp\/v2\/users\/1"}],"replies":[{"embeddable":true,"href":"https:\/\/www.michel.e-novea.eu\/en\/wp-json\/wp\/v2\/comments?post=32055"}],"version-history":[{"count":0,"href":"https:\/\/www.michel.e-novea.eu\/en\/wp-json\/wp\/v2\/pages\/32055\/revisions"}],"up":[{"embeddable":true,"href":"https:\/\/www.michel.e-novea.eu\/en\/wp-json\/wp\/v2\/pages\/30811"}],"wp:attachment":[{"href":"https:\/\/www.michel.e-novea.eu\/en\/wp-json\/wp\/v2\/media?parent=32055"}],"curies":[{"name":"wp","href":"https:\/\/api.w.org\/{rel}","templated":true}]}}