{"id":30888,"date":"2019-02-13T14:45:52","date_gmt":"2019-02-13T13:45:52","guid":{"rendered":"https:\/\/www.analab.fr\/?page_id=30888"},"modified":"2022-04-29T15:00:12","modified_gmt":"2022-04-29T13:00:12","slug":"turkey","status":"publish","type":"page","link":"https:\/\/www.michel.e-novea.eu\/en\/dealers\/turkey\/","title":{"rendered":"Turkey"},"content":{"rendered":"<p>[et_pb_section fb_built=&#8221;1&#8243; admin_label=&#8221;Header Section&#8221; _builder_version=&#8221;4.16&#8243; background_image=&#8221;https:\/\/www.michel.e-novea.eu\/wp-content\/uploads\/2018\/06\/Carte-Europe.jpg&#8221; custom_padding=&#8221;10%||10%|&#8221; global_colors_info=&#8221;{}&#8221;][et_pb_row _builder_version=&#8221;4.16&#8243; animation_style=&#8221;zoom&#8221; custom_width_px=&#8221;1200px&#8221; global_colors_info=&#8221;{}&#8221;][et_pb_column type=&#8221;4_4&#8243; _builder_version=&#8221;4.16&#8243; custom_padding=&#8221;|||&#8221; global_colors_info=&#8221;{}&#8221; custom_padding__hover=&#8221;|||&#8221;][et_pb_text _builder_version=&#8221;4.16&#8243; text_font=&#8221;Nunito Sans|||||on|||&#8221; text_text_color=&#8221;#ffffff&#8221; text_font_size=&#8221;18px&#8221; text_line_height=&#8221;1.8em&#8221; header_font=&#8221;Nunito Sans|700|||||||&#8221; header_text_align=&#8221;center&#8221; header_text_color=&#8221;#ffffff&#8221; header_font_size=&#8221;36px&#8221; header_line_height=&#8221;1.3em&#8221; module_alignment=&#8221;center&#8221; header_font_size_tablet=&#8221;32px&#8221; header_font_size_phone=&#8221;24px&#8221; header_font_size_last_edited=&#8221;on|phone&#8221; global_colors_info=&#8221;{}&#8221;]<\/p>\n<h1>OUR DEALERS<\/h1>\n<p>[\/et_pb_text][\/et_pb_column][\/et_pb_row][\/et_pb_section][et_pb_section fb_built=&#8221;1&#8243; admin_label=&#8221;Features&#8221; _builder_version=&#8221;4.16&#8243; background_color=&#8221;#ffffff&#8221; custom_margin=&#8221;|||&#8221; custom_padding=&#8221;||0px|&#8221; top_divider_color=&#8221;#e02b20&#8243; top_divider_flip=&#8221;vertical&#8221; bottom_divider_color=&#8221;#e02b20&#8243; bottom_divider_flip=&#8221;vertical&#8221; global_colors_info=&#8221;{}&#8221;][et_pb_row admin_label=&#8221;Tittle&#8221; _builder_version=&#8221;4.16&#8243; global_colors_info=&#8221;{}&#8221;][et_pb_column type=&#8221;4_4&#8243; _builder_version=&#8221;4.16&#8243; custom_padding=&#8221;|||&#8221; global_colors_info=&#8221;{}&#8221; custom_padding__hover=&#8221;|||&#8221;][et_pb_text _builder_version=&#8221;4.16&#8243; text_font=&#8221;Nunito Sans||||||||&#8221; text_text_color=&#8221;#696969&#8243; text_font_size=&#8221;18px&#8221; text_line_height=&#8221;1.8em&#8221; header_text_align=&#8221;left&#8221; header_text_color=&#8221;#535b7c&#8221; header_2_font=&#8221;Nunito Sans|700|||||||&#8221; header_2_text_align=&#8221;left&#8221; header_2_text_color=&#8221;#c91c1c&#8221; header_2_font_size=&#8221;35px&#8221; header_2_line_height=&#8221;1.3em&#8221; max_width=&#8221;70%&#8221; module_alignment=&#8221;left&#8221; global_colors_info=&#8221;{}&#8221;]<\/p>\n<h2><span style=\"margin-left: 30px;\"><img loading=\"lazy\" decoding=\"async\" class=\"alignleft wp-image-29255 size-full\" src=\"\/wp-content\/uploads\/2018\/06\/Flag_of_Turkey.jpg\" alt=\"\" width=\"80\" height=\"50\" \/>Turkey<\/span><\/h2>\n<p>[\/et_pb_text][et_pb_divider divider_weight=&#8221;2&#8243; _builder_version=&#8221;4.16&#8243; max_width=&#8221;50%&#8221; module_alignment=&#8221;left&#8221; height=&#8221;5px&#8221; global_colors_info=&#8221;{}&#8221;]&nbsp;<br \/>\n[\/et_pb_divider][\/et_pb_column][\/et_pb_row][et_pb_row column_structure=&#8221;1_3,2_3&#8243; _builder_version=&#8221;4.16&#8243; custom_margin=&#8221;0px|||&#8221; custom_padding=&#8221;0px|||&#8221; global_colors_info=&#8221;{}&#8221;][et_pb_column type=&#8221;1_3&#8243; _builder_version=&#8221;4.16&#8243; custom_padding=&#8221;|||&#8221; global_colors_info=&#8221;{}&#8221; custom_padding__hover=&#8221;|||&#8221;][et_pb_blurb title=&#8221;TERRA Analiz ve Olcum Cihazlari Tic. A.S.&#8221; image=&#8221;\/wp-content\/uploads\/2018\/06\/terra-logo2.jpg&#8221; _builder_version=&#8221;4.17.1&#8243; header_font=&#8221;|600|||||||&#8221; header_text_align=&#8221;center&#8221; header_font_size=&#8221;20&#8243; header_line_height=&#8221;1.4em&#8221; text_orientation=&#8221;center&#8221; box_shadow_style_image=&#8221;preset3&#8243; global_colors_info=&#8221;{}&#8221;]<\/p>\n<p style=\"text-align: center;\">Prof.Dr. Ahmet Taner Kislali Mah.<br \/>2795 Sok No:11<br \/>06810 CANKAYA- ANKARA- TURKEY<br \/>Tel : +90-312-441-86-60<br \/>Fax: +90-312-441-86-57<br \/><a class=\"auto-generated-link\" href=\"mailto:info@terraanaliz.com.tr\" data-auto-recognition=\"true\" data-content=\"info@terraanaliz.com.tr\" data-type=\"mail\">info@terraanaliz.com.tr<\/a><br \/><a href=\"http:\/\/www.terraanaliz.com.tr\/src\/default.asp\" target=\"_blank\" rel=\"noopener undefined\" data-content=\"http:\/\/www.terraanaliz.com.tr\/src\/default.asp\" data-type=\"external\">www.terraanaliz.com.tr<\/a><\/p>\n<p>[\/et_pb_blurb][\/et_pb_column][et_pb_column type=&#8221;2_3&#8243; _builder_version=&#8221;4.16&#8243; custom_padding=&#8221;|||&#8221; global_colors_info=&#8221;{}&#8221; custom_padding__hover=&#8221;|||&#8221;][et_pb_map address=&#8221;Prof. Dr. Ahmet Taner K\u0131\u015flal\u0131, 2795. Sk. No:11, 06810 Yenimahalle\/Ankara, Turquie&#8221; zoom_level=&#8221;17&#8243; address_lat=&#8221;39.868988&#8243; address_lng=&#8221;32.6926468&#8243; mouse_wheel=&#8221;off&#8221; _builder_version=&#8221;4.17.1&#8243; hover_enabled=&#8221;0&#8243; global_colors_info=&#8221;{}&#8221; sticky_enabled=&#8221;0&#8243;][et_pb_map_pin title=&#8221;TERRA Analiz ve Olcum Cihazlari Tic. A.S.&#8221; pin_address=&#8221;Prof. Dr. Ahmet Taner K\u0131\u015flal\u0131, 2795. Sk. No:11, 06810 Yenimahalle\/Ankara, Turquie&#8221; pin_address_lat=&#8221;39.868988&#8243; pin_address_lng=&#8221;32.6926468&#8243; _builder_version=&#8221;4.17.1&#8243; global_colors_info=&#8221;{}&#8221; hover_enabled=&#8221;0&#8243; sticky_enabled=&#8221;0&#8243;]<\/p>\n<p>Prof.Dr. Ahmet Taner Kislali Mah.<br \/>2795 Sok No:11<br \/>06810 CANKAYA- ANKARA- TURKEY<br \/>Tel : +90-312-441-86-60<br \/>Fax: +90-312-441-86-57<br \/><a class=\"auto-generated-link\" href=\"mailto:info@terraanaliz.com.tr\" data-auto-recognition=\"true\" data-content=\"info@terraanaliz.com.tr\" data-type=\"mail\">info@terraanaliz.com.tr<\/a><br \/><a href=\"http:\/\/www.terraanaliz.com.tr\/src\/default.asp\" target=\"_blank\" rel=\"noopener undefined\" data-content=\"http:\/\/www.terraanaliz.com.tr\/src\/default.asp\" data-type=\"external\">www.terraanaliz.com.tr<\/a><\/p>\n<p>[\/et_pb_map_pin][\/et_pb_map][\/et_pb_column][\/et_pb_row][\/et_pb_section]<\/p>\n","protected":false},"excerpt":{"rendered":"<p>OUR DEALERS Turkey&nbsp; Prof.Dr. Ahmet Taner Kislali Mah.2795 Sok No:1106810 CANKAYA- ANKARA- TURKEYTel : +90-312-441-86-60Fax: +90-312-441-86-57info@terraanaliz.com.trwww.terraanaliz.com.trProf.Dr. Ahmet Taner Kislali Mah.2795 Sok No:1106810 CANKAYA- ANKARA- TURKEYTel : +90-312-441-86-60Fax: +90-312-441-86-57info@terraanaliz.com.trwww.terraanaliz.com.tr<\/p>\n","protected":false},"author":1,"featured_media":0,"parent":30811,"menu_order":0,"comment_status":"closed","ping_status":"closed","template":"","meta":{"_et_pb_use_builder":"on","_et_pb_old_content":"","_et_gb_content_width":"","footnotes":""},"class_list":["post-30888","page","type-page","status-publish","hentry"],"_links":{"self":[{"href":"https:\/\/www.michel.e-novea.eu\/en\/wp-json\/wp\/v2\/pages\/30888"}],"collection":[{"href":"https:\/\/www.michel.e-novea.eu\/en\/wp-json\/wp\/v2\/pages"}],"about":[{"href":"https:\/\/www.michel.e-novea.eu\/en\/wp-json\/wp\/v2\/types\/page"}],"author":[{"embeddable":true,"href":"https:\/\/www.michel.e-novea.eu\/en\/wp-json\/wp\/v2\/users\/1"}],"replies":[{"embeddable":true,"href":"https:\/\/www.michel.e-novea.eu\/en\/wp-json\/wp\/v2\/comments?post=30888"}],"version-history":[{"count":0,"href":"https:\/\/www.michel.e-novea.eu\/en\/wp-json\/wp\/v2\/pages\/30888\/revisions"}],"up":[{"embeddable":true,"href":"https:\/\/www.michel.e-novea.eu\/en\/wp-json\/wp\/v2\/pages\/30811"}],"wp:attachment":[{"href":"https:\/\/www.michel.e-novea.eu\/en\/wp-json\/wp\/v2\/media?parent=30888"}],"curies":[{"name":"wp","href":"https:\/\/api.w.org\/{rel}","templated":true}]}}