{"id":30796,"date":"2019-02-13T14:02:46","date_gmt":"2019-02-13T13:02:46","guid":{"rendered":"https:\/\/www.analab.fr\/?page_id=30796"},"modified":"2020-12-07T16:51:40","modified_gmt":"2020-12-07T15:51:40","slug":"informations","status":"publish","type":"page","link":"https:\/\/www.michel.e-novea.eu\/en\/informations\/","title":{"rendered":"Informations"},"content":{"rendered":"<p>[et_pb_section fb_built=&#8221;1&#8243; admin_label=&#8221;Header Section&#8221; _builder_version=&#8221;3.22&#8243; background_image=&#8221;https:\/\/www.michel.e-novea.eu\/wp-content\/uploads\/2018\/05\/slider_1_NB.jpg&#8221; custom_padding=&#8221;10%||10%|&#8221;][et_pb_row _builder_version=&#8221;3.25&#8243; animation_style=&#8221;zoom&#8221; custom_width_px=&#8221;1200px&#8221;][et_pb_column type=&#8221;4_4&#8243; _builder_version=&#8221;3.25&#8243; custom_padding=&#8221;|||&#8221; custom_padding__hover=&#8221;|||&#8221;][et_pb_text _builder_version=&#8221;3.27.4&#8243; text_font=&#8221;Nunito Sans|||||on|||&#8221; text_text_color=&#8221;#ffffff&#8221; text_font_size=&#8221;18px&#8221; text_line_height=&#8221;1.8em&#8221; header_font=&#8221;Nunito Sans|700|||||||&#8221; header_text_align=&#8221;center&#8221; header_text_color=&#8221;#ffffff&#8221; header_font_size=&#8221;45px&#8221; header_line_height=&#8221;1.3em&#8221; module_alignment=&#8221;center&#8221;]<\/p>\n<h1>INFORMATION REQUEST<\/h1>\n<p>[\/et_pb_text][\/et_pb_column][\/et_pb_row][\/et_pb_section][et_pb_section fb_built=&#8221;1&#8243; admin_label=&#8221;Features&#8221; _builder_version=&#8221;3.22&#8243; background_color=&#8221;#ffffff&#8221; custom_margin=&#8221;|||&#8221; custom_padding=&#8221;||0px|&#8221; top_divider_color=&#8221;#e02b20&#8243; top_divider_flip=&#8221;vertical&#8221; bottom_divider_color=&#8221;#e02b20&#8243; bottom_divider_flip=&#8221;vertical&#8221;][et_pb_row admin_label=&#8221;Tittle&#8221; _builder_version=&#8221;3.25&#8243;][et_pb_column type=&#8221;4_4&#8243; _builder_version=&#8221;3.25&#8243; custom_padding=&#8221;|||&#8221; custom_padding__hover=&#8221;|||&#8221;][et_pb_text _builder_version=&#8221;4.1&#8243; text_font=&#8221;Nunito Sans||||||||&#8221; text_text_color=&#8221;#696969&#8243; text_font_size=&#8221;18px&#8221; text_line_height=&#8221;1.8em&#8221; header_text_align=&#8221;left&#8221; header_text_color=&#8221;#535b7c&#8221; header_2_font=&#8221;Nunito Sans|700|||||||&#8221; header_2_text_align=&#8221;center&#8221; header_2_text_color=&#8221;#c91c1c&#8221; header_2_font_size=&#8221;35px&#8221; header_2_line_height=&#8221;1.3em&#8221; text_orientation=&#8221;center&#8221; max_width=&#8221;70%&#8221; module_alignment=&#8221;center&#8221;]<\/p>\n<h2>Information request<\/h2>\n<p>Analab\u00ae proposes to make your request of estimate by choosing your products below. We will quickly return to discuss your project and offer you the right products.<\/p>\n<p>[\/et_pb_text][et_pb_divider divider_weight=&#8221;2&#8243; _builder_version=&#8221;3.4.1&#8243; max_width=&#8221;50%&#8221; module_alignment=&#8221;center&#8221; height=&#8221;5px&#8221;][\/et_pb_divider][\/et_pb_column][\/et_pb_row][et_pb_row column_structure=&#8221;1_3,2_3&#8243; _builder_version=&#8221;3.25&#8243; width_phone=&#8221;50px&#8221; max_width_phone=&#8221;1280px&#8221; custom_margin=&#8221;0px|||&#8221; custom_padding=&#8221;0px|||&#8221; z_index_tablet=&#8221;500&#8243;][et_pb_column type=&#8221;1_3&#8243; _builder_version=&#8221;3.25&#8243; custom_padding=&#8221;|||&#8221; custom_padding__hover=&#8221;|||&#8221;][et_pb_blurb title=&#8221;ANALAB,<br \/>an Elemental Scientific Company&#8221; image=&#8221;https:\/\/www.michel.e-novea.eu\/wp-content\/uploads\/2020\/11\/analab_logo_esi_short.png&#8221; _builder_version=&#8221;4.7.4&#8243; header_font=&#8221;|600|||||||&#8221; header_text_align=&#8221;center&#8221; header_font_size=&#8221;20&#8243; header_line_height=&#8221;1.4em&#8221; text_orientation=&#8221;center&#8221; hover_enabled=&#8221;0&#8243; box_shadow_style_image=&#8221;preset3&#8243; box_shadow_blur_image=&#8221;14px&#8221; box_shadow_color_image=&#8221;rgba(0,0,0,0.2)&#8221; sticky_enabled=&#8221;0&#8243;]<\/p>\n<h4 class=\"font_8\">23 route de la Wantzenau<br \/>67800 HOENHEIM<br \/>Tel : +33 (0)3 88 51 79 51<br \/>Fax : +33 (0)3 88 51 79 13<br \/><a href=\"mailto:analab@icpms.com\">analab@icpms.com<\/a><\/h4>\n<p>[\/et_pb_blurb][\/et_pb_column][et_pb_column type=&#8221;2_3&#8243; _builder_version=&#8221;3.25&#8243; custom_padding=&#8221;|||&#8221; custom_padding__hover=&#8221;|||&#8221;][et_pb_contact_form use_spam_service=&#8221;on&#8221; recaptcha_list=&#8221;Default|Default-0&#8243; email=&#8221;analab@icpms.com&#8221; custom_message=&#8221;Demande d information venant du site ANALAB (Anglais)||et_pb_line_break_holder||||et_pb_line_break_holder||Soci\u00e9t\u00e9 : %%Soci\u00e9t\u00e9%%||et_pb_line_break_holder||Nom : %%Name%%||et_pb_line_break_holder||T\u00e9l\u00e9phone : %%T\u00e9l\u00e9phone%%||et_pb_line_break_holder||Adresse e-mail : %%Email%%||et_pb_line_break_holder||Produits : %%Produits%%||et_pb_line_break_holder||Message : %%Message%%&#8221; use_redirect=&#8221;on&#8221; redirect_url=&#8221;https:\/\/www.michel.e-novea.eu\/en\/back-informations\/&#8221; success_message=&#8221;Thank you for your message, we will get back to you soon&#8221; _builder_version=&#8221;4.7.4&#8243; title_line_height=&#8221;1.7em&#8221; custom_button=&#8221;on&#8221; button_text_color=&#8221;#ffffff&#8221; button_bg_color=&#8221;#c91c1c&#8221; button_border_color=&#8221;#c91c1c&#8221; button_use_icon=&#8221;off&#8221; z_index_tablet=&#8221;500&#8243; button_text_color_hover=&#8221;#c91c1c&#8221; button_bg_color_hover=&#8221;#efefef&#8221; button_border_color_hover=&#8221;#c91c1c&#8221;][et_pb_contact_field field_id=&#8221;Soci\u00e9t\u00e9&#8221; field_title=&#8221;Company&#8221; _builder_version=&#8221;4.6.6&#8243;][\/et_pb_contact_field][et_pb_contact_field field_id=&#8221;Name&#8221; field_title=&#8221;Name*&#8221; _builder_version=&#8221;3.19.11&#8243;][\/et_pb_contact_field][et_pb_contact_field field_id=&#8221;T\u00e9l\u00e9phone&#8221; field_title=&#8221;Phone*&#8221; allowed_symbols=&#8221;numbers&#8221; _builder_version=&#8221;4.6.6&#8243;][\/et_pb_contact_field][et_pb_contact_field field_id=&#8221;Email&#8221; field_title=&#8221;Email Address*&#8221; field_type=&#8221;email&#8221; _builder_version=&#8221;4.6.6&#8243;][\/et_pb_contact_field][et_pb_contact_field field_id=&#8221;Produits&#8221; field_title=&#8221;You&#8217;re interested in:&#8221; field_type=&#8221;checkbox&#8221; checkbox_options=&#8221;%91{%22value%22:%22ETC EVO II%22,%22checked%22:0,%22dragID%22:-1},{%22value%22:%22CLEAN CLEVER%22,%22checked%22:0,%22dragID%22:0},{%22value%22:%22COLD P\u2019TIPS%22,%22checked%22:0,%22dragID%22:1},{%22value%22:%22CLEANACIDS%22,%22checked%22:0,%22dragID%22:2},{%22value%22:%22HOTPLATES 250\u00b0 ou 350\u00b0%22,%22checked%22:0,%22dragID%22:3},{%22value%22:%22RACKS%22,%22checked%22:0,%22dragID%22:5},{%22value%22:%22EASYDIGEST%22,%22checked%22:0,%22dragID%22:6},{%22value%22:%22EVAPOCLEAN%22,%22checked%22:0,%22dragID%22:7},{%22value%22:%22REGULATORS%22,%22checked%22:0,%22dragID%22:8},{%22value%22:%22LABORATORY FURNITURE%22,%22checked%22:0,%22dragID%22:9},{%22value%22:%22CONSUMABLES%22,%22checked%22:0,%22dragID%22:10},{%22value%22:%22LABWARE AND LASER MARKING%22,%22checked%22:0,%22dragID%22:12},{%22value%22:%22OTHER&#8230;%22,%22checked%22:0,%22dragID%22:11}%93&#8243; required_mark=&#8221;off&#8221; _builder_version=&#8221;4.1&#8243;][\/et_pb_contact_field][et_pb_contact_field field_id=&#8221;Message&#8221; field_title=&#8221;Message&#8221; field_type=&#8221;text&#8221; _builder_version=&#8221;3.19.11&#8243;][\/et_pb_contact_field][\/et_pb_contact_form][\/et_pb_column][\/et_pb_row][\/et_pb_section]<\/p>\n","protected":false},"excerpt":{"rendered":"<p>INFORMATION REQUEST Information request Analab\u00ae proposes to make your request of estimate by choosing your products below. We will quickly return to discuss your project and offer you the right products.23 route de la Wantzenau67800 HOENHEIMTel : +33 (0)3 88 51 79 51Fax : +33 (0)3 88 51 79 13analab@icpms.com<\/p>\n","protected":false},"author":1,"featured_media":0,"parent":0,"menu_order":0,"comment_status":"closed","ping_status":"closed","template":"","meta":{"_et_pb_use_builder":"on","_et_pb_old_content":"","_et_gb_content_width":"","footnotes":""},"class_list":["post-30796","page","type-page","status-publish","hentry"],"_links":{"self":[{"href":"https:\/\/www.michel.e-novea.eu\/en\/wp-json\/wp\/v2\/pages\/30796"}],"collection":[{"href":"https:\/\/www.michel.e-novea.eu\/en\/wp-json\/wp\/v2\/pages"}],"about":[{"href":"https:\/\/www.michel.e-novea.eu\/en\/wp-json\/wp\/v2\/types\/page"}],"author":[{"embeddable":true,"href":"https:\/\/www.michel.e-novea.eu\/en\/wp-json\/wp\/v2\/users\/1"}],"replies":[{"embeddable":true,"href":"https:\/\/www.michel.e-novea.eu\/en\/wp-json\/wp\/v2\/comments?post=30796"}],"version-history":[{"count":0,"href":"https:\/\/www.michel.e-novea.eu\/en\/wp-json\/wp\/v2\/pages\/30796\/revisions"}],"wp:attachment":[{"href":"https:\/\/www.michel.e-novea.eu\/en\/wp-json\/wp\/v2\/media?parent=30796"}],"curies":[{"name":"wp","href":"https:\/\/api.w.org\/{rel}","templated":true}]}}